{"id":3,"date":"2024-09-10T06:27:19","date_gmt":"2024-09-10T06:27:19","guid":{"rendered":"https:\/\/casamarsilli.com\/?page_id=3"},"modified":"2025-02-20T11:27:04","modified_gmt":"2025-02-20T10:27:04","slug":"privacy-policy","status":"publish","type":"page","link":"https:\/\/sanlorenzoapartments5054.com\/it\/informativa-sulla-privacy\/","title":{"rendered":"Informativa sulla privacy"},"content":{"rendered":"<div data-elementor-type=\"wp-page\" data-elementor-id=\"3\" class=\"elementor elementor-3\" data-elementor-post-type=\"page\">\n\t\t\t\t<div class=\"elementor-element elementor-element-3879413 e-flex e-con-boxed e-con e-parent\" data-id=\"3879413\" data-element_type=\"container\" data-settings=\"{&quot;background_background&quot;:&quot;classic&quot;}\">\n\t\t\t\t\t<div class=\"e-con-inner\">\n\t\t\t\t\t<\/div>\n\t\t\t\t<\/div>\n\t\t<div class=\"elementor-element elementor-element-27afc208 e-flex e-con-boxed e-con e-parent\" data-id=\"27afc208\" data-element_type=\"container\">\n\t\t\t\t\t<div class=\"e-con-inner\">\n\t\t\t\t<div class=\"elementor-element elementor-element-7f5459cf elementor-widget elementor-widget-text-editor\" data-id=\"7f5459cf\" data-element_type=\"widget\" data-widget_type=\"text-editor.default\">\n\t\t\t\t<div class=\"elementor-widget-container\">\n\t\t\t\t\t\t\t\t\t\n<h2 class=\"wp-block-heading\"><strong>Informativa sulla privacy<\/strong><\/h2>\n\n<p>In questa pagina si descrivono le modalit\u00e0 di gestione del sito web casamarsilli.com in relazione al trattamento dei dati personali degli utenti che lo consultano.<br \/>cortedelteatro.com chiede al cliente alcune informazioni per poter fornire i propri servizi.<br \/>I dati personali che il cliente trasmette navigando su questo sito web (di seguito \"Sito\") sono trattati in modo corretto e trasparente per finalit\u00e0 lecite e tutelando la Sua privacy e i Suoi diritti nel rispetto della normativa comunitaria in materia di protezione dei dati personali (Reg. UE 2016\/679).<br \/>Il presente documento non comprende i trattamenti effettuati su altri siti web eventualmente consultati dall'utente tramite link presenti sul Sito.<br \/>Il trattamento sar\u00e0 effettuato con le seguenti finalit\u00e0 e modalit\u00e0:<\/p>\n<p><strong>1. Titolare del trattamento dei dati.<\/strong><br \/>Ai sensi della normativa sopra citata, il Titolare del trattamento casamarsilli.com - PAPA MAURIZIO - SAN POLO 1585 - 30125 Venezia - P.I 04130440276 - C.F PPAMRZ66M16G273O- info@sanlorenzoapartments5054.com<\/p>\n<p><strong>2. Oggetto del trattamento.<\/strong><br \/>Il Titolare tratter\u00e0 i dati personali trasmessi dal cliente durante la navigazione del Sito (nome, cognome, email, numero di telefono, numero di carta di credito) esclusivamente per le finalit\u00e0 indicate nella presente informativa.<br \/>Al momento dell'arrivo del cliente presso la struttura, verranno inoltre richiesti gli estremi di un documento di riconoscimento per ottemperare agli obblighi di legge imposti alle strutture ricettive.<br \/>In caso di emissione di fattura, al cliente verr\u00e0 richiesto anche l'indirizzo di residenza e il codice fiscale, come previsto dal DPR 633\/72.<\/p>\n<p><strong>3. Finalit\u00e0 del trattamento.<\/strong><\/p>\n<div>Le finalit\u00e0 del trattamento perseguite in generale dal Titolare possono essere riassunte come segue:<\/div>\n<div>- per consentire al cliente di prenotare e pagare un soggiorno presso la struttura;<\/div>\n<div>- per consentire al cliente di inviare un'e-mail di contatto con richieste particolari;<\/div>\n<div>- adempiere agli obblighi imposti dalla legge alle strutture ricettive.<\/div>\n<div>\u00a0<\/div>\n<div><strong>4. Categorie di dati personali interessati.<\/strong><\/div>\n<div>I dati trattati saranno quelli, sopra descritti, strettamente necessari per l'erogazione del servizio richiesto.<\/div>\n<div>\u00a0<\/div>\n<div><strong>5. Destinatari o categorie di destinatari dei dati personali.<\/strong><\/div>\n<div>I dati del cliente saranno comunicati ai seguenti soggetti:<\/div>\n<div>- Questura di Venezia, in ottemperanza agli obblighi di legge (limitatamente a nome, cognome e dati del documento di identit\u00e0);<\/div>\n<div>- Sistema di prenotazione online: Krossbooking;<\/div>\n<div>- Lo studio contabile che si occupa degli adempimenti amministrativi, contabili e fiscali.<\/div>\n<div>I dati dei clienti non saranno divulgati.<\/div>\n<div>\u00a0<\/div>\n<div><strong>6. Trasferimento dei dati.<\/strong><br \/>La gestione e la conservazione dei dati personali avverr\u00e0 sui server del Titolare del trattamento e\/o di societ\u00e0 terze incaricate, situati all'interno dell'Unione Europea e nessun trasferimento degli stessi avverr\u00e0 al di fuori del territorio dell'Unione Europea.<\/div>\n<div>\u00a0<\/div>\n<div><strong>7. Periodo di conservazione dei dati.<\/strong><br \/>Il Titolare del trattamento conserver\u00e0 i dati personali forniti (nome, cognome, email, numero di telefono, numero di carta di credito, estremi del documento di identit\u00e0) per il tempo necessario all'espletamento delle finalit\u00e0 sopra descritte; i dati saranno quindi cancellati sette giorni dopo la fine del soggiorno per dare tempo al Titolare di verificare che l'immobile sia stato riconsegnato in buone condizioni. Solo i dati fiscali (nome, cognome, indirizzo di residenza e codice fiscale), in caso di emissione di fattura, saranno conservati per 10 anni come previsto dalla legge.<\/div>\n<div>\u00a0<\/div>\n<div><strong>8. Diritti della parte interessata.<\/strong><br \/>In quanto parte interessata, il cliente ha i seguenti diritti:<br \/>a) il diritto di chiedere al Titolare del trattamento l'accesso ai dati personali e, se esistenti, la rettifica o la cancellazione degli stessi o la limitazione del trattamento che lo riguarda o di opporsi al loro trattamento, oltre al diritto alla portabilit\u00e0 dei dati;<br \/>b) il diritto di presentare un reclamo a un'autorit\u00e0 di controllo.<br \/>Il cliente potr\u00e0 esercitare i suddetti diritti inviando una mail al Titolare del trattamento all'indirizzo di cui al precedente art. 1).<\/div>\n<div>\u00a0<\/div>\n<div><strong>9. Natura della fornitura dei dati e conseguenze del rifiuto di rispondere.<\/strong><br \/>Il conferimento dei dati per le finalit\u00e0 sopra indicate \u00e8 necessario e obbligatorio. In loro assenza, infatti, non sar\u00e0 possibile fornire al Cliente i servizi descritti all'art. 3).<\/div>\n\t\t\t\t\t\t\t\t<\/div>\n\t\t\t\t<\/div>\n\t\t\t\t\t<\/div>\n\t\t\t\t<\/div>\n\t\t\t\t<\/div>","protected":false},"excerpt":{"rendered":"<p>Privacy Policy This page describes the management methods of the casamarsilli.com website in relation to the processing of personal data of users who consult it.cortedelteatro.com asks the customer for some information in order to provide its services.The personal data that the customer transmits by browsing this website (hereinafter &#8220;Site&#8221;) are processed correctly and transparently for [&hellip;]<\/p>","protected":false},"author":1,"featured_media":0,"parent":0,"menu_order":0,"comment_status":"closed","ping_status":"closed","template":"","meta":{"footnotes":""},"class_list":["post-3","page","type-page","status-publish","hentry"],"aioseo_notices":[],"_links":{"self":[{"href":"https:\/\/sanlorenzoapartments5054.com\/it\/wp-json\/wp\/v2\/pages\/3","targetHints":{"allow":["GET"]}}],"collection":[{"href":"https:\/\/sanlorenzoapartments5054.com\/it\/wp-json\/wp\/v2\/pages"}],"about":[{"href":"https:\/\/sanlorenzoapartments5054.com\/it\/wp-json\/wp\/v2\/types\/page"}],"author":[{"embeddable":true,"href":"https:\/\/sanlorenzoapartments5054.com\/it\/wp-json\/wp\/v2\/users\/1"}],"replies":[{"embeddable":true,"href":"https:\/\/sanlorenzoapartments5054.com\/it\/wp-json\/wp\/v2\/comments?post=3"}],"version-history":[{"count":13,"href":"https:\/\/sanlorenzoapartments5054.com\/it\/wp-json\/wp\/v2\/pages\/3\/revisions"}],"predecessor-version":[{"id":602,"href":"https:\/\/sanlorenzoapartments5054.com\/it\/wp-json\/wp\/v2\/pages\/3\/revisions\/602"}],"wp:attachment":[{"href":"https:\/\/sanlorenzoapartments5054.com\/it\/wp-json\/wp\/v2\/media?parent=3"}],"curies":[{"name":"wp","href":"https:\/\/api.w.org\/{rel}","templated":true}]}}